{"id":7770,"date":"2023-07-28T10:18:36","date_gmt":"2023-07-28T10:18:36","guid":{"rendered":"https:\/\/ligona.com.tr\/?page_id=7770"},"modified":"2025-03-12T22:10:07","modified_gmt":"2025-03-12T22:10:07","slug":"ofset-baski-cozumleri","status":"publish","type":"page","link":"https:\/\/ligona.com.tr\/index.php\/ofset-baski-cozumleri\/","title":{"rendered":"Ofset Bask\u0131 \u00c7\u00f6z\u00fcmleri"},"content":{"rendered":"\t\t<div data-elementor-type=\"wp-page\" data-elementor-id=\"7770\" class=\"elementor elementor-7770\">\n\t\t\t\t\t\t<section class=\"elementor-section elementor-top-section elementor-element elementor-element-96965de elementor-section-full_width overflow-hidden elementor-section-height-default elementor-section-height-default\" data-id=\"96965de\" data-element_type=\"section\" data-settings=\"{&quot;background_background&quot;:&quot;classic&quot;}\">\n\t\t\t\t\t\t<div class=\"elementor-container elementor-column-gap-no\">\n\t\t\t\t\t<div class=\"elementor-column elementor-col-100 elementor-top-column elementor-element elementor-element-6736f9f\" data-id=\"6736f9f\" data-element_type=\"column\">\n\t\t\t<div class=\"elementor-widget-wrap elementor-element-populated\">\n\t\t\t\t\t\t<section class=\"elementor-section elementor-inner-section elementor-element elementor-element-f70d8eb elementor-section-content-middle elementor-section-boxed elementor-section-height-default elementor-section-height-default\" data-id=\"f70d8eb\" data-element_type=\"section\" data-settings=\"{&quot;background_background&quot;:&quot;classic&quot;}\">\n\t\t\t\t\t\t\t<div class=\"elementor-background-overlay\"><\/div>\n\t\t\t\t\t\t\t<div class=\"elementor-container elementor-column-gap-default\">\n\t\t\t\t\t<div class=\"elementor-column elementor-col-100 elementor-inner-column elementor-element elementor-element-ee96cb9\" data-id=\"ee96cb9\" data-element_type=\"column\">\n\t\t\t<div class=\"elementor-widget-wrap elementor-element-populated\">\n\t\t\t\t\t\t<div class=\"elementor-element elementor-element-9770e22 elementor-widget-divider--view-line elementor-widget elementor-widget-divider\" data-id=\"9770e22\" data-element_type=\"widget\" data-widget_type=\"divider.default\">\n\t\t\t\t<div class=\"elementor-widget-container\">\n\t\t\t\t\t\t\t<div class=\"elementor-divider\">\n\t\t\t<span class=\"elementor-divider-separator\">\n\t\t\t\t\t\t<\/span>\n\t\t<\/div>\n\t\t\t\t\t\t<\/div>\n\t\t\t\t<\/div>\n\t\t\t\t<div class=\"elementor-element elementor-element-6e1ac4f elementor-invisible elementor-widget elementor-widget-nioland-title-v1\" data-id=\"6e1ac4f\" data-element_type=\"widget\" data-settings=\"{&quot;_animation&quot;:&quot;fadeInUp&quot;}\" data-widget_type=\"nioland-title-v1.default\">\n\t\t\t\t<div class=\"elementor-widget-container\">\n\t\t\t\t\t\r\n                    <div class=\"section_title type_two  arrow_enable\">\r\n             \r\n                                                                <div class=\"title_whole position-relative\">\r\n                                            <h2 class=\"title\">\r\n                             U\u00e7tan Uca <span>\nOfset Bask\u0131 \u00c7\u00f6z\u00fcmleri  \r\n                        <\/h2>\r\n                                    <\/div>\r\n                                                 \r\n                            <p class=\"lead\"> m\u00fc\u015fterilerimize ofset \u00e7\u00f6z\u00fcmleri sunarak, i\u015fletmelerinin bask\u0131 ihtiya\u00e7lar\u0131n\u0131 kar\u015f\u0131lama konusunda yard\u0131mc\u0131 oluyoruz<\/p>\r\n                    <\/div>\r\n                    \t\t\t\t<\/div>\n\t\t\t\t<\/div>\n\t\t\t\t<div class=\"elementor-element elementor-element-2875b2a elementor-widget-divider--view-line elementor-widget elementor-widget-divider\" data-id=\"2875b2a\" data-element_type=\"widget\" data-widget_type=\"divider.default\">\n\t\t\t\t<div class=\"elementor-widget-container\">\n\t\t\t\t\t\t\t<div class=\"elementor-divider\">\n\t\t\t<span class=\"elementor-divider-separator\">\n\t\t\t\t\t\t<\/span>\n\t\t<\/div>\n\t\t\t\t\t\t<\/div>\n\t\t\t\t<\/div>\n\t\t\t\t\t<\/div>\n\t\t<\/div>\n\t\t\t\t\t<\/div>\n\t\t<\/section>\n\t\t\t\t\t<\/div>\n\t\t<\/div>\n\t\t\t\t\t<\/div>\n\t\t<\/section>\n\t\t<div class=\"elementor-element elementor-element-7df543e e-grid e-con-boxed e-con e-parent\" data-id=\"7df543e\" data-element_type=\"container\">\n\t\t\t\t\t<div class=\"e-con-inner\">\n\t\t<div class=\"elementor-element elementor-element-f5cb12d e-con-full e-flex e-con e-child\" data-id=\"f5cb12d\" data-element_type=\"container\">\n\t\t\t\t<div class=\"elementor-element elementor-element-5b1ed0d elementor-widget elementor-widget-nioland-title-v1\" data-id=\"5b1ed0d\" data-element_type=\"widget\" data-widget_type=\"nioland-title-v1.default\">\n\t\t\t\t<div class=\"elementor-widget-container\">\n\t\t\t\t\t\r\n                    <div class=\"section_title type_two \">\r\n                            <div class=\"overline-title\"> OFSET BASKIDA KAL\u0130TEL\u0130 \u00c7\u00d6Z\u00dcMLER<\/div>\r\n             \r\n                                                                                     \r\n                            <p class=\"lead\"> \u0130\u015fletmelerin bask\u0131 ihtiya\u00e7lar\u0131n\u0131 kar\u015f\u0131lama konusunda yard\u0131mc\u0131 oluyoruz. Ofset bask\u0131, y\u00fcksek kaliteli ve y\u00fcksek \u00e7\u00f6z\u00fcn\u00fcrl\u00fckl\u00fc bask\u0131lar elde etmek i\u00e7in kullan\u0131lan bir bask\u0131 y\u00f6ntemidir.\n<P>\nOfset bask\u0131 hizmetlerimiz, bro\u015f\u00fcrler, kitaplar, dergiler, kataloglar, el ilanlar\u0131, davetiye, fatura, zarf, bloknot ve di\u011fer bask\u0131 ihtiya\u00e7lar\u0131n\u0131 kapsar.\n<p>\nLigona Bili\u015fim ve Reklam olarak, m\u00fc\u015fterilerimize ofset bask\u0131 \u00e7\u00f6z\u00fcmleri sunarak, i\u015fletmenizin bask\u0131 ihtiya\u00e7lar\u0131n\u0131 kar\u015f\u0131laman\u0131za yard\u0131mc\u0131 olmay\u0131 hedefliyoruz. Y\u00fcksek kaliteli ve y\u00fcksek \u00e7\u00f6z\u00fcn\u00fcrl\u00fckl\u00fc bask\u0131lar\u0131m\u0131zla, m\u00fc\u015fterilerimizin ihtiya\u00e7lar\u0131na uygun \u00f6zelle\u015ftirilmi\u015f bask\u0131 \u00e7\u00f6z\u00fcmleri sunuyoruz. B\u00f6ylece, m\u00fc\u015fterilerimizin i\u015fletmelerinin tan\u0131t\u0131m\u0131n\u0131 daha etkili hale getirmelerine yard\u0131mc\u0131 oluyoruz. Belirli tirajlar\u0131n \u00fczerindeki adetlerde yapt\u0131rmak istedi\u011finiz \u00fcretimleriniz i\u00e7in ayn\u0131 zamanda ofset \u00fcretim se\u00e7ene\u011fini de sizler i\u00e7in sa\u011flayabilmektedir. \n<p>\nY\u00fcksek adetli katalog, bro\u015f\u00fcr, el ilan\u0131 ve kurumsal kimlik \u00fcretimleriniz i\u00e7in i\u015finizin her a\u015famas\u0131nda titizlikle en do\u011fru \u00e7\u00f6z\u00fcm\u00fc uygulayarak m\u00fckemmeli yakalaman\u0131z i\u00e7in \u00e7al\u0131\u015f\u0131yoruz.<\/p>\r\n                    <\/div>\r\n                    \t\t\t\t<\/div>\n\t\t\t\t<\/div>\n\t\t\t\t<\/div>\n\t\t\t\t<div class=\"elementor-element elementor-element-18b57f8 elementor-widget elementor-widget-nioland-image-box-v1\" data-id=\"18b57f8\" data-element_type=\"widget\" data-widget_type=\"nioland-image-box-v1.default\">\n\t\t\t\t<div class=\"elementor-widget-container\">\n\t\t\t\t\t                <div class=\"cm_imge style_four img_center\">\r\n                    <svg width=\"634\" height=\"534\" viewBox=\"0 0 634 534\" fill=\"none\" xmlns=\"http:\/\/www.w3.org\/2000\/svg\">\r\n            <path fill-rule=\"evenodd\" clip-rule=\"evenodd\" d=\"M360.251 21.6964C447.654 21.3857 555.523 -34.7609 612.169 34.8226C669.066 104.713 598.257 207.401 585.325 298.174C575.599 366.441 594.03 444.958 546.86 493.252C499.91 541.323 425.923 526.038 360.251 528.616C290.271 531.363 218.745 546.801 159.079 508.475C83.6318 460.013 11.0598 390.203 1.49568 298.174C-8.71208 199.952 33.9664 95.2342 110.04 36.6078C179.942 -17.2632 273.407 22.0052 360.251 21.6964Z\" fill=\"#FDB52A\"\/>\r\n            <\/svg> \r\n                         <img decoding=\"async\" src=\"https:\/\/ligona.com.tr\/wp-content\/uploads\/2025\/03\/Fotolia_49187405_Subscription_Monthly_M.jpg\" alt=\"cover-bg\" class=\"base\">\r\n          \r\n    <\/div>\r\n                \t\t\t\t<\/div>\n\t\t\t\t<\/div>\n\t\t\t\t\t<\/div>\n\t\t\t\t<\/div>\n\t\t\t\t<section class=\"elementor-section elementor-top-section elementor-element elementor-element-623f4ad elementor-section-boxed elementor-section-height-default elementor-section-height-default\" data-id=\"623f4ad\" data-element_type=\"section\" data-settings=\"{&quot;background_background&quot;:&quot;classic&quot;}\">\n\t\t\t\t\t\t<div class=\"elementor-container elementor-column-gap-default\">\n\t\t\t\t\t<div class=\"elementor-column elementor-col-100 elementor-top-column elementor-element elementor-element-9e35292\" data-id=\"9e35292\" data-element_type=\"column\">\n\t\t\t<div class=\"elementor-widget-wrap elementor-element-populated\">\n\t\t\t\t\t\t<div class=\"elementor-element elementor-element-780475b elementor-widget__width-initial elementor-invisible elementor-widget elementor-widget-nioland-title-v1\" data-id=\"780475b\" data-element_type=\"widget\" data-settings=\"{&quot;_animation&quot;:&quot;fadeInUp&quot;}\" data-widget_type=\"nioland-title-v1.default\">\n\t\t\t\t<div class=\"elementor-widget-container\">\n\t\t\t\t\t\r\n                    <div class=\"section_title type_two  arrow_enable\">\r\n                            <div class=\"overline-title\"> Ofset bask\u0131 \u00e7\u00f6z\u00fcmlerimiz\n<\/div>\r\n             \r\n                                                                                     \r\n                    <\/div>\r\n                    \t\t\t\t<\/div>\n\t\t\t\t<\/div>\n\t\t\t\t<div class=\"elementor-element elementor-element-7c69989 elementor-widget elementor-widget-nioland-image-carousel-v1\" data-id=\"7c69989\" data-element_type=\"widget\" data-widget_type=\"nioland-image-carousel-v1.default\">\n\t\t\t\t<div class=\"elementor-widget-container\">\n\t\t\t\t\t                     <section class=\"imagecarousel_box  centerenable  position-relative position_four nav_true dot_true\">\n        <div class=\"theme_carousel owl-theme owl-carousel\" data-options='{\"loop\": true ,   \"margin\": 20, \"autoheight\":true, \"autoplayHoverPause\":true, \"lazyload\":true , \"nav\": true, \"dots\": false, \"autoplay\": true, \"autoplayTimeout\":3000, \"smartSpeed\": 3000, \"responsive\":{ \"0\" :{ \"items\": \"1\" }, \"360\" :{ \"items\" : \"2\" },\"768\" :{ \"items\" : \"2\" },\"1024\" :{ \"items\" : \"2\" , \"center\": false } , \"1200\":{ \"items\" : \"2\" }, \"1366\":{ \"items\" : \"3\" , \"center\": true }}}'>\n                                                <div class=\"image_carousel_box style_one\">\n                    <div class=\"img_bx\">\n                        <a class=\"tras\" href=\"#\"   >\n                            <img decoding=\"async\" class=\"img-fluid\" src=\"https:\/\/ligona.com.tr\/wp-content\/uploads\/2025\/03\/katalog.jpg\" alt=\"alt\">\n                        <\/a>\n                          \n                    <\/div>\n                    <div class=\"content_box\">\n                     \n                        <div class=\"title_18\">\n                            <a class=\"tras\" href=\"#\"   >\n                             Katalog Bask\u0131                            <\/a>\n                        <\/div>\n                       \n                                            <p>\n                            Katalo\u011funuzu ger\u00e7ekten \u00f6ne \u00e7\u0131karabilecek \u00e7ok say\u0131da \u00f6zel ka\u011f\u0131t ve ekstra bask\u0131 se\u00e7enekleri sunuyoruz.                        <\/p>\n                                        <\/div>\n            <\/div>\n\n                                     \n                                                                <div class=\"image_carousel_box style_one\">\n                    <div class=\"img_bx\">\n                        <a class=\"tras\" href=\"#\"   >\n                            <img decoding=\"async\" class=\"img-fluid\" src=\"https:\/\/ligona.com.tr\/wp-content\/uploads\/2025\/03\/brosur-1.jpg\" alt=\"alt\">\n                        <\/a>\n                          \n                    <\/div>\n                    <div class=\"content_box\">\n                     \n                        <div class=\"title_18\">\n                            <a class=\"tras\" href=\"#\"   >\n                             Bro\u015f\u00fcr\/Flyer                            <\/a>\n                        <\/div>\n                       \n                                            <p>\n                            Pazarlama bro\u015f\u00fcrleri, var olan m\u00fc\u015fterileriniz ve potansiyel m\u00fc\u015fterileriniz ile ileti\u015fim kurman\u0131n en kolay yoludur.                        <\/p>\n                                        <\/div>\n            <\/div>\n\n                                     \n                                                                <div class=\"image_carousel_box style_one\">\n                    <div class=\"img_bx\">\n                        <a class=\"tras\" href=\"#\"   >\n                            <img decoding=\"async\" class=\"img-fluid\" src=\"https:\/\/ligona.com.tr\/wp-content\/uploads\/2025\/03\/defeter-scaled.jpg\" alt=\"alt\">\n                        <\/a>\n                          \n                    <\/div>\n                    <div class=\"content_box\">\n                     \n                        <div class=\"title_18\">\n                            <a class=\"tras\" href=\"#\"   >\n                             Defter Bask\u0131                            <\/a>\n                        <\/div>\n                       \n                                            <p>\n                            Defter bask\u0131 i\u015flemi, \u00f6zellikle firma ve kurumlar\u0131n, hediye veya tan\u0131t\u0131m ama\u00e7l\u0131 olarak kullan\u0131l\u0131r.                        <\/p>\n                                        <\/div>\n            <\/div>\n\n                                     \n                                                                <div class=\"image_carousel_box style_one\">\n                    <div class=\"img_bx\">\n                        <a class=\"tras\" href=\"#\"   >\n                            <img decoding=\"async\" class=\"img-fluid\" src=\"https:\/\/ligona.com.tr\/wp-content\/uploads\/2025\/03\/IMG-20250313-WA0012.jpg\" alt=\"alt\">\n                        <\/a>\n                          \n                    <\/div>\n                    <div class=\"content_box\">\n                     \n                        <div class=\"title_18\">\n                            <a class=\"tras\" href=\"#\"   >\n                             Sunum Dosyas\u0131 \/ Cepli Dosya                            <\/a>\n                        <\/div>\n                       \n                                            <p>\n                            Cepli sunum dosyalar\u0131 i\u015f toplant\u0131lar\u0131, konferanslar, konu\u015fmalar ve daha bir\u00e7ok konuda olduk\u00e7a kullan\u0131\u015fl\u0131d\u0131r.                        <\/p>\n                                        <\/div>\n            <\/div>\n\n                                     \n                                                                <div class=\"image_carousel_box style_one\">\n                    <div class=\"img_bx\">\n                        <a class=\"tras\" href=\"#\"   >\n                            <img decoding=\"async\" class=\"img-fluid\" src=\"https:\/\/ligona.com.tr\/wp-content\/uploads\/2025\/03\/canta.jpg\" alt=\"alt\">\n                        <\/a>\n                          \n                    <\/div>\n                    <div class=\"content_box\">\n                     \n                        <div class=\"title_18\">\n                            <a class=\"tras\" href=\"#\"   >\n                             Karton \u00c7anta                             <\/a>\n                        <\/div>\n                       \n                                            <p>\n                            Cepli sunum dosyalar\u0131 i\u015f toplant\u0131lar\u0131, konferanslar, konu\u015fmalar ve daha bir\u00e7ok konuda olduk\u00e7a kullan\u0131\u015fl\u0131d\u0131r.                        <\/p>\n                                        <\/div>\n            <\/div>\n\n                                     \n                                                                <div class=\"image_carousel_box style_one\">\n                    <div class=\"img_bx\">\n                        <a class=\"tras\" href=\"#\"   >\n                            <img decoding=\"async\" class=\"img-fluid\" src=\"https:\/\/ligona.com.tr\/wp-content\/uploads\/2025\/03\/IMG-20250313-WA0003.jpg\" alt=\"alt\">\n                        <\/a>\n                          \n                    <\/div>\n                    <div class=\"content_box\">\n                     \n                        <div class=\"title_18\">\n                            <a class=\"tras\" href=\"#\"   >\n                             Bloknot                             <\/a>\n                        <\/div>\n                       \n                                            <p>\n                            Firman\u0131za \u00f6zel bloknotlarla g\u00f6z \u00f6n\u00fcnde yer almay\u0131 ba\u015farabilirsiniz.                        <\/p>\n                                        <\/div>\n            <\/div>\n\n                                     \n                                                                <div class=\"image_carousel_box style_one\">\n                    <div class=\"img_bx\">\n                        <a class=\"tras\" href=\"#\"   >\n                            <img decoding=\"async\" class=\"img-fluid\" src=\"https:\/\/ligona.com.tr\/wp-content\/uploads\/2025\/03\/IMG-20250313-WA0007-e1741816998266.jpg\" alt=\"alt\">\n                        <\/a>\n                          \n                    <\/div>\n                    <div class=\"content_box\">\n                     \n                        <div class=\"title_18\">\n                            <a class=\"tras\" href=\"#\"   >\n                             Kartvizit                            <\/a>\n                        <\/div>\n                       \n                                        <\/div>\n            <\/div>\n\n                                     \n                                                                <div class=\"image_carousel_box style_one\">\n                    <div class=\"img_bx\">\n                        <a class=\"tras\" href=\"#\"   >\n                            <img decoding=\"async\" class=\"img-fluid\" src=\"https:\/\/ligona.com.tr\/wp-content\/uploads\/2025\/03\/zarf-randevu-karti-kartvizit-anamnez-bilgi-kitapcigi-kalem-scaled.jpg\" alt=\"alt\">\n                        <\/a>\n                          \n                    <\/div>\n                    <div class=\"content_box\">\n                     \n                        <div class=\"title_18\">\n                            <a class=\"tras\" href=\"#\"   >\n                             Kurumsal Kimlik Bas\u0131m\u0131                            <\/a>\n                        <\/div>\n                       \n                                        <\/div>\n            <\/div>\n\n                                     \n                                  \n        <\/div>\n        <\/section>\n\n    \t\t\t\t<\/div>\n\t\t\t\t<\/div>\n\t\t\t\t\t<\/div>\n\t\t<\/div>\n\t\t\t\t\t<\/div>\n\t\t<\/section>\n\t\t<div class=\"elementor-element elementor-element-7e17ad1 e-grid e-con-boxed e-con e-parent\" data-id=\"7e17ad1\" data-element_type=\"container\">\n\t\t\t\t\t<div class=\"e-con-inner\">\n\t\t\t\t<div class=\"elementor-element elementor-element-0336300 elementor-widget-divider--view-line elementor-widget elementor-widget-divider\" data-id=\"0336300\" data-element_type=\"widget\" data-widget_type=\"divider.default\">\n\t\t\t\t<div class=\"elementor-widget-container\">\n\t\t\t\t\t\t\t<div class=\"elementor-divider\">\n\t\t\t<span class=\"elementor-divider-separator\">\n\t\t\t\t\t\t<\/span>\n\t\t<\/div>\n\t\t\t\t\t\t<\/div>\n\t\t\t\t<\/div>\n\t\t\t\t\t<\/div>\n\t\t\t\t<\/div>\n\t\t\t\t<\/div>\n\t\t","protected":false},"excerpt":{"rendered":"<p>U\u00e7tan Uca Ofset Bask\u0131 \u00c7\u00f6z\u00fcmleri m\u00fc\u015fterilerimize ofset \u00e7\u00f6z\u00fcmleri sunarak, i\u015fletmelerinin bask\u0131 ihtiya\u00e7lar\u0131n\u0131 kar\u015f\u0131lama konusunda yard\u0131mc\u0131 oluyoruz OFSET BASKIDA KAL\u0130TEL\u0130 \u00c7\u00d6Z\u00dcMLER \u0130\u015fletmelerin bask\u0131 ihtiya\u00e7lar\u0131n\u0131 kar\u015f\u0131lama konusunda yard\u0131mc\u0131 oluyoruz. Ofset bask\u0131, y\u00fcksek kaliteli ve y\u00fcksek \u00e7\u00f6z\u00fcn\u00fcrl\u00fckl\u00fc bask\u0131lar elde etmek i\u00e7in kullan\u0131lan bir bask\u0131 y\u00f6ntemidir. Ofset bask\u0131 hizmetlerimiz, bro\u015f\u00fcrler, kitaplar, dergiler, kataloglar, el ilanlar\u0131, davetiye, fatura, zarf, bloknot [&hellip;]<\/p>\n","protected":false},"author":1,"featured_media":0,"parent":0,"menu_order":0,"comment_status":"closed","ping_status":"closed","template":"template-homepage.php","meta":{"footnotes":""},"class_list":["post-7770","page","type-page","status-publish","hentry"],"_links":{"self":[{"href":"https:\/\/ligona.com.tr\/index.php\/wp-json\/wp\/v2\/pages\/7770","targetHints":{"allow":["GET"]}}],"collection":[{"href":"https:\/\/ligona.com.tr\/index.php\/wp-json\/wp\/v2\/pages"}],"about":[{"href":"https:\/\/ligona.com.tr\/index.php\/wp-json\/wp\/v2\/types\/page"}],"author":[{"embeddable":true,"href":"https:\/\/ligona.com.tr\/index.php\/wp-json\/wp\/v2\/users\/1"}],"replies":[{"embeddable":true,"href":"https:\/\/ligona.com.tr\/index.php\/wp-json\/wp\/v2\/comments?post=7770"}],"version-history":[{"count":52,"href":"https:\/\/ligona.com.tr\/index.php\/wp-json\/wp\/v2\/pages\/7770\/revisions"}],"predecessor-version":[{"id":7865,"href":"https:\/\/ligona.com.tr\/index.php\/wp-json\/wp\/v2\/pages\/7770\/revisions\/7865"}],"wp:attachment":[{"href":"https:\/\/ligona.com.tr\/index.php\/wp-json\/wp\/v2\/media?parent=7770"}],"curies":[{"name":"wp","href":"https:\/\/api.w.org\/{rel}","templated":true}]}}